{"id":18574,"date":"2019-11-02T17:46:52","date_gmt":"2019-11-02T16:46:52","guid":{"rendered":"http:\/\/helmerzandbergen.nl\/blog\/?page_id=18574"},"modified":"2019-11-02T17:51:15","modified_gmt":"2019-11-02T16:51:15","slug":"genealogische-onderzoek","status":"publish","type":"page","link":"https:\/\/helmerzandbergen.nl\/blog\/genealogische-onderzoek\/","title":{"rendered":"Genealogische Onderzoek"},"content":{"rendered":"\n<p>Een genealogie of stamboom is simpel gezegd, een\noverzicht van de nakomelingen van een \u201cStamvader\u201d. Een genealogie wordt alleen\nuitgewerkt in mannelijke lijn, dat wil zeggen: via de zonen, omdat die lijn\ndoorgaans de familienaam wordt doorgegeven. Genealogen of familieonderzoekers\nstellen zulke overzichten samen: de uiteindelijke resultaten van \u2013\nmeestal&nbsp; jarenlange- inspanningen. Sommigen doen dat in de vorm van een\nfraai getekende, vruchtdragende (stam)boom, waarin de namen van de voorouders\nmet de data van hun geboorte, huwelijk en overlijden in gekalligrafeerde\nletters staan vermeld. Anderen kiezen voor het uitgeven van een \u201cfamilieboek\u201d,\nwaarin zij voor zichzelf willen vastleggen en aan andere doorgeven, wat zij,\nonder meer door het bezoeken van archieven, het napluizen van oude kranten en\ncorrespondentie met familieleden, over hun voorgeslacht aan wetenswaardige\nverzameld hebben.<\/p>\n\n\n\n<p>Hoe werkt een genealoog? Meestal start hij met het\nbijeenbrengen van gegevens over zijn grootouders en overgrootouders. Als\ndie&nbsp; in de familie niet meer (volledig) bekend zijn, bieden de registers\nvan de burgerlijke stand uitkomst.<\/p>\n\n\n\n<p>Wie getrouwd is en kinderen heeft, is al enkele malen\nin contact gekomen met de burgerlijke stand. Op de trouwdag en bij het aangeven\nvan de geboorte van een kind, worden ter gemeentesecretarie twee akten\nopgemaakt die de vader resp. bruid en bruidegom moeten ondertekenen. Die akten\nworden bewaard;\u00e9\u00e9n in het gemeentehuis en \u00e9\u00e9n bij de arrondissementrechtbank.\nNa verloop van tijd worden de exemplaren van de rechtbank overgebracht naar een\nprovinciaal rijksarchief en daar liggen ze voor iedereen gratis ter inzage. Via\nde geboorte, huwelijk- en overlijdensakten is het vrij eenvoudig het voorgeslacht\nterug te zoeken tot aan het begin van de 19e eeuw, om precies te zijn: tot\n1811, toen de burgerlijke stand werd ingevoerd op bevel van keizer Napoleon,\ndie het toen in de voormalige Republiek der Verenigde Nederlanden voor het\nzeggen had. V\u00f3\u00f3r dat jaar is de familie onderzoeker aangewezen op de doop,\ntrouw- en begraafboeken, die door de kerken werden bijgehouden. In de ene\nplaats gebeurde dat secuur, in een keurig handschrift, in de andere plaats werd\ner in alle opzichten met de pet naar gegooid. Bovendien zijn er nogal wat van\ndie kerkboeken verloren geraakt, door brand, vocht of doordat ze als oude\nrommel zijn weggegooid!<\/p>\n\n\n\n<p>Maar ook doop- en trouwboeken zijn er niet altijd\ngeweest. In Nederland werden de eerste rond 1575 in gebruik genomen. Als men\nveel geluk heeft, kan men via deze kerkelijke administratie tot het laatste\nkwart van de 16e eeuw terugkomen.<\/p>\n\n\n\n<p>De gegevens die in de registers van de burgerlijke stand en in de doop, trouw- en begraafboeken staan, zijn namen en data.\u00a0 Erg belangrijk natuurlijk voor het vaststellen van de afstamming. Maar ze zeggen weinig over personen zelf. Gelukkig zijn er andere bronnen, die daar informatie over geven. Om een paar belangrijke te noemen: de oude rechterlijke archieven. Daarin bevinden zich civielrechtelijke en criminele processen. Daarnaast de notari\u00eble archieven, waarin onder andere testamenten, boedelinventarissen, boedelscheidingen en voogdijstellingen zijn te vinden. Andere bronnen zijn de archieven van de weeskamers en de kohieren van de belastinggaarders.<\/p>\n\n\n\n<p><strong>Onderzoekmodellen<\/strong><strong><\/strong><\/p>\n\n\n\n<p>Stamboomonderzoek is een verzamelnaam voor verschillende vormen van onderzoek. Als iemand zegt dat hij zijn stamboom aan het uitzoeken is dan weet u door deze mededeling eigenlijk niet meer dan dat hij gegevens verzamelt over verwante familieleden. Nadere informatie is nodig om te weten welke verwanten het onderwerp van onderzoek zijn. Dan kan vastgesteld worden met welke vorm van onderzoek iemand bezig is, welke onderzoekmodel hij volgt. De verschillende onderzoekmodellen hebben hun eigen naam. Wilt u bijvoorbeeld de herkomst en betekenis van de familienaam weten, dan werkt u in rechte mannelijke lijn terug in de tijd, op zoek naar de voorvader die als eerste de familienaam is gaan gebruiken. U maakt dan een\u00a0<em>stamreeks.<\/em>\u00a0De oudst bekende voorvader in rechte mannelijke lijn is de\u00a0<em>stamvader<\/em><br> <em>.<\/em><br> Van deze reeks bestaat ook een vrouwelijke variant, waarbij u de vrouwelijke lijn volgt: moeder, grootmoeder, overgrootmoeder, betovergrootmoeder, enzovoort. Dit wordt een\u00a0<em>matrilineaire reeks<\/em> genoemd.<\/p>\n\n\n\n<p>Bij het maken van een&nbsp;<em>kwartierstaat<\/em>&nbsp;worden\nde gegevens van alle voorouders verzameld van \u00e9\u00e9n bepaalde persoon: zijn (of\nhaar) ouders (2), grootouders (4), overgrootouders (8), betovergrootouders\n(16), enzovoort. Elke generatie verder terug verdubbelt het aantal voorouders\n(\u201ckwartieren\u201d). De persoon waarvan de kwartierstaat wordt gemaakt noemt men\nde&nbsp;<em>proband.<\/em><\/p>\n\n\n\n<p>De onderzoekvormen die we tot nu toe beschreven werken\nterug in de tijd. Ze volgen de verwanten in opklimmende of opgaande lijn,\nde&nbsp;<em>ascendenten<\/em>.<br>\nDaarnaast zijn er onderzoekvormen die vanuit het verleden de dalende lijn\nvolgen richting van het heden, op zoek naar afstammelingen ofwel&nbsp;<em>desendenten.<\/em>&nbsp;Dit zijn de&nbsp;<em>genealogie<\/em>&nbsp;en de&nbsp;<em>parenteel.<\/em><\/p>\n\n\n\n<p>Gaat u uitzoeken wie er in mannelijke lijn van uw\nstamvader en zijn echtgenote(s) afstammen, dan maakt u de&nbsp;<em>genealogie<\/em>&nbsp;van uw familie.<br>\nU begint met het gezin van de stamvader. U verzamelt de gegevens van zowel\nzoons als de dochters, maar zet het onderzoek uitsluitend voort met de zoons.\nOok van hen noteert u de gegevens van het gezin, om de uitwerking daarna te\nvolgen met hun zoons, enzovoort.<\/p>\n\n\n\n<p>Werkt u de afstammelingen ook in vrouwelijke lijn uit\ndan maakt u een&nbsp;<em>parenteel.<\/em><br>\nNemen we hetzelfde gezin van de stamvader als uitgangspunt dan noteert u ook de\ngegevens van het gezin van de dochters, van hun zonen \u00e8n dochters, enzovoort.<\/p>\n","protected":false},"excerpt":{"rendered":"<p>Een genealogie of stamboom is simpel gezegd, een overzicht van de nakomelingen van een \u201cStamvader\u201d. Een genealogie wordt alleen uitgewerkt in mannelijke lijn, dat wil zeggen: via de zonen, omdat die lijn doorgaans de familienaam wordt doorgegeven. Genealogen of familieonderzoekers stellen zulke overzichten samen: de uiteindelijke resultaten van \u2013 meestal&nbsp; jarenlange- inspanningen. Sommigen doen dat in de vorm van een fraai getekende, vruchtdragende (stam)boom, waarin de namen van de voorouders met de data van hun geboorte, huwelijk en overlijden in gekalligrafeerde letters staan vermeld. Anderen kiezen voor het uitgeven van een \u201cfamilieboek\u201d, waarin zij voor zichzelf willen vastleggen en aan andere doorgeven, wat zij, onder meer door het bezoeken van archieven, het napluizen van oude kranten en correspondentie met familieleden, over hun voorgeslacht aan wetenswaardige verzameld hebben. Hoe werkt een genealoog? Meestal start hij met het bijeenbrengen van gegevens over zijn grootouders en overgrootouders. Als die&nbsp; in de familie niet meer (volledig) bekend zijn, bieden de registers van de burgerlijke stand uitkomst. Wie getrouwd is en kinderen heeft, is al enkele malen in contact gekomen met de burgerlijke stand. Op de trouwdag en bij het aangeven van de geboorte van een kind, worden ter gemeentesecretarie twee akten opgemaakt die de vader resp. bruid en bruidegom moeten ondertekenen. Die akten worden bewaard;\u00e9\u00e9n in het gemeentehuis en \u00e9\u00e9n bij de arrondissementrechtbank. Na verloop van tijd worden de exemplaren van de rechtbank overgebracht naar een provinciaal rijksarchief en daar liggen ze voor iedereen gratis ter inzage. Via de geboorte, huwelijk- en overlijdensakten is het vrij eenvoudig het voorgeslacht terug te zoeken tot aan het begin van de 19e eeuw, om precies te zijn: tot 1811, toen de burgerlijke stand werd ingevoerd op bevel van keizer Napoleon, die het toen in de voormalige Republiek der Verenigde Nederlanden voor het zeggen had. V\u00f3\u00f3r dat jaar is de familie onderzoeker aangewezen op de doop, trouw- en begraafboeken, die door de kerken werden bijgehouden. In de ene plaats gebeurde dat secuur, in een keurig handschrift, in de andere plaats werd er in alle opzichten met de pet naar gegooid. Bovendien zijn er nogal wat van die kerkboeken verloren geraakt, door brand, vocht of doordat ze als oude rommel zijn weggegooid! Maar ook doop- en trouwboeken zijn er niet altijd geweest. In Nederland werden de eerste rond 1575 in gebruik genomen. Als men veel geluk heeft, kan men via deze kerkelijke administratie tot het laatste kwart van de 16e eeuw terugkomen. De gegevens die in de registers van de burgerlijke stand en in de doop, trouw- en begraafboeken staan, zijn namen en data.\u00a0 Erg belangrijk natuurlijk voor het vaststellen van de afstamming. Maar ze zeggen weinig over personen zelf. Gelukkig zijn er andere bronnen, die daar informatie over geven. Om een paar belangrijke te noemen: de oude rechterlijke archieven. Daarin bevinden zich civielrechtelijke en criminele processen. Daarnaast de notari\u00eble archieven, waarin onder andere testamenten, boedelinventarissen, boedelscheidingen en voogdijstellingen zijn te vinden. Andere bronnen zijn de archieven van de weeskamers en de kohieren van de belastinggaarders. Onderzoekmodellen Stamboomonderzoek is een verzamelnaam voor verschillende vormen van onderzoek. Als iemand zegt dat hij zijn stamboom aan het uitzoeken is dan weet u door deze mededeling eigenlijk niet meer dan dat hij gegevens verzamelt over verwante familieleden. Nadere informatie is nodig om te weten welke verwanten het onderwerp van onderzoek zijn. Dan kan vastgesteld worden met welke vorm van onderzoek iemand bezig is, welke onderzoekmodel hij volgt. De verschillende onderzoekmodellen hebben hun eigen naam. Wilt u bijvoorbeeld de herkomst en betekenis van de familienaam weten, dan werkt u in rechte mannelijke lijn terug in de tijd, op zoek naar de voorvader die als eerste de familienaam is gaan gebruiken. U maakt dan een\u00a0stamreeks.\u00a0De oudst bekende voorvader in rechte mannelijke lijn is de\u00a0stamvader . Van deze reeks bestaat ook een vrouwelijke variant, waarbij u de vrouwelijke lijn volgt: moeder, grootmoeder, overgrootmoeder, betovergrootmoeder, enzovoort. Dit wordt een\u00a0matrilineaire reeks genoemd. Bij het maken van een&nbsp;kwartierstaat&nbsp;worden de gegevens van alle voorouders verzameld van \u00e9\u00e9n bepaalde persoon: zijn (of haar) ouders (2), grootouders (4), overgrootouders (8), betovergrootouders (16), enzovoort. Elke generatie verder terug verdubbelt het aantal voorouders (\u201ckwartieren\u201d). De persoon waarvan de kwartierstaat wordt gemaakt noemt men de&nbsp;proband. De onderzoekvormen die we tot nu toe beschreven werken terug in de tijd. Ze volgen de verwanten in opklimmende of opgaande lijn, de&nbsp;ascendenten. Daarnaast zijn er onderzoekvormen die vanuit het verleden de dalende lijn volgen richting van het heden, op zoek naar afstammelingen ofwel&nbsp;desendenten.&nbsp;Dit zijn de&nbsp;genealogie&nbsp;en de&nbsp;parenteel. Gaat u uitzoeken wie er in mannelijke lijn van uw stamvader en zijn echtgenote(s) afstammen, dan maakt u de&nbsp;genealogie&nbsp;van uw familie. U begint met het gezin van de stamvader. U verzamelt de gegevens van zowel zoons als de dochters, maar zet het onderzoek uitsluitend voort met de zoons. Ook van hen noteert u de gegevens van het gezin, om de uitwerking daarna te volgen met hun zoons, enzovoort. Werkt u de afstammelingen ook in vrouwelijke lijn uit dan maakt u een&nbsp;parenteel. Nemen we hetzelfde gezin van de stamvader als uitgangspunt dan noteert u ook de gegevens van het gezin van de dochters, van hun zonen \u00e8n dochters, enzovoort.<\/p>\n","protected":false},"author":1,"featured_media":0,"parent":0,"menu_order":0,"comment_status":"closed","ping_status":"closed","template":"","meta":{"footnotes":""},"class_list":["post-18574","page","type-page","status-publish","hentry"],"_links":{"self":[{"href":"https:\/\/helmerzandbergen.nl\/blog\/wp-json\/wp\/v2\/pages\/18574","targetHints":{"allow":["GET"]}}],"collection":[{"href":"https:\/\/helmerzandbergen.nl\/blog\/wp-json\/wp\/v2\/pages"}],"about":[{"href":"https:\/\/helmerzandbergen.nl\/blog\/wp-json\/wp\/v2\/types\/page"}],"author":[{"embeddable":true,"href":"https:\/\/helmerzandbergen.nl\/blog\/wp-json\/wp\/v2\/users\/1"}],"replies":[{"embeddable":true,"href":"https:\/\/helmerzandbergen.nl\/blog\/wp-json\/wp\/v2\/comments?post=18574"}],"version-history":[{"count":3,"href":"https:\/\/helmerzandbergen.nl\/blog\/wp-json\/wp\/v2\/pages\/18574\/revisions"}],"predecessor-version":[{"id":18578,"href":"https:\/\/helmerzandbergen.nl\/blog\/wp-json\/wp\/v2\/pages\/18574\/revisions\/18578"}],"wp:attachment":[{"href":"https:\/\/helmerzandbergen.nl\/blog\/wp-json\/wp\/v2\/media?parent=18574"}],"curies":[{"name":"wp","href":"https:\/\/api.w.org\/{rel}","templated":true}]}}